{"id":29,"date":"2018-12-03T23:29:15","date_gmt":"2018-12-03T23:29:15","guid":{"rendered":"http:\/\/buschfunk.info\/?page_id=29"},"modified":"2019-01-13T18:58:28","modified_gmt":"2019-01-13T18:58:28","slug":"test","status":"publish","type":"page","link":"https:\/\/buschfunk.info\/","title":{"rendered":"Was ist Busch-Funk?"},"content":{"rendered":"\n<figure class=\"wp-block-embed-youtube wp-block-embed is-type-video is-provider-youtube wp-embed-aspect-16-9 wp-has-aspect-ratio\"><div class=\"wp-block-embed__wrapper\">\n<iframe loading=\"lazy\" width=\"750\" height=\"422\" src=\"https:\/\/www.youtube.com\/embed\/OS26h0tjau4?feature=oembed\" frameborder=\"0\" allow=\"accelerometer; autoplay; encrypted-media; gyroscope; picture-in-picture\" allowfullscreen><\/iframe>\n<\/div><\/figure>\n\n\n\n<p>\n\nBusch-Funk bedeutet Kommunikation und Information!\n\n<\/p>\n\n\n\n<p><strong>Diese Gruppe Vertritt keinerlei Politischer Richtung und wird auch keine derartiges Ziel anstreben.<\/strong><\/p>\n\n\n\n<p>Sehr wichtig ist es uns den Umgang mit der Natur und unseren Mitmenschen zu erkennen, einigen, schulen und zu festigen.<\/p>\n\n\n\n<p>Wir wollen mit dieser Gruppe:<\/p>\n\n\n\n<ul class=\"wp-block-list\"><li>Altes und neues Wissen rund um Buschcraft &amp; Survival zusammen zu tragen, Entwickeln und ausprobieren.<\/li><li>Informationen auf schnellem Wege untereinander zukommen zu lassen. <\/li><\/ul>\n\n\n\n<p>(Wie z.B momentane Gefahrenlagen in W\u00e4ldern, T\u00e4lern, St\u00e4dten, usw.) <\/p>\n\n\n\n<ul class=\"wp-block-list\"><li>Wissen \u00fcber Pflanzen, Tiere, Not-Nahrung usw Verbreiten.<\/li><li>Angebote f\u00fcr Gear und Werkzeuge zu empfehlen. <\/li><li>Erfahrungsberichte teilen und austauschen. <\/li><li>Orte die man sehen muss oder an denen man \u00fcbernachten kann teilen<\/li><li>Ein umfangreiches Netz aufzubauen um m\u00f6glichst an vielen Orten Hilfe oder eventuell Unterschlupf zu gewehren. <\/li><li>Das Freie Funknetz effektiv f\u00fcr uns Nutzen (PMR 4 \/ CB 30) Buschfunk ruf! <\/li><\/ul>\n\n\n\n<h1 class=\"wp-block-heading\" id=\"h.p_wU0PqWyC0A3S\">Busch-funk Wiki?<\/h1>\n\n\n\n<h3 class=\"wp-block-heading\" id=\"h.p_PCBZgr6f0Cz9\"><a href=\"https:\/\/sites.google.com\/view\/buschfunk-info\/home#h.p_PCBZgr6f0Cz9\"><\/a>Das Ziel einer Idee<\/h3>\n\n\n\n<p>Unsere Vision ist es, eine Moderne Art des &#8222;Schlauen Buches&#8220; zu erschaffen. Wir wollen Wissen aus den Verschiedenen Bereiche der Outdoor-Aktivit\u00e4ten zusammentragen und diese unter den Namen &#8222;Busch-Funk-Bibel&#8220; als Buchform zusammenstellen. Dieses Buch wird innerhalb der &#8222;Busch-Funk&#8220; Community zum Druckpreis erh\u00e4ltlich sein. Je nach Wissensstand und Wachstum, die sich im laufe der Zeit ansammeln werden, wird es Folgeb\u00e4nder und\/oder Neuauflagen geben. <\/p>\n\n\n\n<p>Von einer Pers\u00f6nlichen Bereicherung von den einnahmen sehen wir ab, alles was \u00fcber die Unkosten hinaus geht wird in andere Projekte der Community zu F\u00f6rderungen investiert. <\/p>\n\n\n\n<p>Jeder der unser Ziel unterst\u00fctzen m\u00f6chte ist herzlich Eingeladen sich der &#8222;Busch-funk&#8220; -Community anzuschlie\u00dfen und unser Wiki mit Wissen zu f\u00fcllen. <\/p>\n\n\n\n<p>Es wird gebeten zu beachten, auf jedwede Art von Eigenwerbung, Youtubelinks oder verlinkung auf externen Seiten zu verzichten. <\/p>\n\n\n\n<div class=\"wp-block-button aligncenter\"><a class=\"wp-block-button__link\" href=\"https:\/\/buschfunk.info\/mediawiki\/index.php?title=Hauptseite\"><strong>Buschfunk-Wiki<\/strong><\/a><\/div>\n\n\n\n<h1 class=\"wp-block-heading\" id=\"h.p_TKb9cRhrHl0s\">Wie kann ich euch beitreten?<\/h1>\n\n\n\n<p>Hallo ihr Lieben wir nutzen f\u00fcr unsere Kommunikation untereinander <a href=\"https:\/\/discordapp.com\/\" target=\"_blank\" rel=\"noreferrer noopener\" aria-label=\"Hallo ihr Lieben wir nutzen f\u00fcr unsere Kommunikation untereinander Discord (als app, Software f\u00fcr pc oder Browser).  (\u00f6ffnet in neuem Tab)\">Discord<\/a> (als app, Software f\u00fcr pc oder Browser). <\/p>\n\n\n\n<figure><iframe loading=\"lazy\" src=\"https:\/\/discordapp.com\/widget?id=508710192431759363&amp;theme=dark\" allowtransparency=\"true\" width=\"350\" height=\"500\" frameborder=\"0\"><\/iframe><\/figure>\n\n\n\n<p>Um zu uns zu kommen m\u00fcsst ihr einfach diesen Button dr\u00fccken.<\/p>\n\n\n\n<div class=\"wp-block-button aligncenter\"><a class=\"wp-block-button__link\">besucht uns in Discord<\/a><\/div>\n\n\n\n<p>Falls ihr noch keinen Account bei <a href=\"https:\/\/discordapp.com\/\" target=\"_blank\" rel=\"noreferrer noopener\" aria-label=\"Falls ihr noch keinen Account bei Discord besitzt m\u00fcsst ihr nun zuerst die Registrierung abschlie\u00dfen! (\u00f6ffnet in neuem Tab)\">Discord<\/a> besitzt m\u00fcsst ihr nun zuerst die Registrierung abschlie\u00dfen!<\/p>\n\n\n\n<p>danach kommt ihr \u00fcber diesen Link auf unseren Server!<\/p>\n\n\n\n<p>Sobald du auf diesen Server angekommen bist wirst du erstmal unseren Willkommens Kanal sehen!<\/p>\n\n\n\n<p>Diesen liest du dir hoffentlich gewissenhaft durch und stellst dich danach im kanal &#8222;ich stelle mich vor&#8220; vor. <\/p>\n\n\n\n<p>hast du das getan wirst du innerhalb von maximal 8 Stunden (Admins brauchen auch Schlaf :D) Freigeschalten! <\/p>\n\n\n\n<p>Danach habt ihr die M\u00f6glichkeit mit jedem auf dem Server Kontakt aufzunehmen.<\/p>\n\n\n\n<p>Sollte es dennoch Probleme geben z\u00f6gert nicht, euch bei uns zu melden! Buschfunk2018@gmail.com<\/p>\n\n\n\n<p> <\/p>\n","protected":false},"excerpt":{"rendered":"<p>Busch-Funk bedeutet Kommunikation und Information! Diese Gruppe Vertritt keinerlei Politischer Richtung und wird auch keine derartiges Ziel anstreben. Sehr wichtig ist es uns den Umgang mit der Natur und unseren Mitmenschen zu erkennen, einigen, schulen und zu festigen. Wir wollen mit dieser Gruppe: Altes und neues Wissen rund um Buschcraft [&hellip;]<\/p>\n","protected":false},"author":1,"featured_media":107,"parent":0,"menu_order":0,"comment_status":"closed","ping_status":"closed","template":"","meta":{"footnotes":""},"class_list":["post-29","page","type-page","status-publish","has-post-thumbnail","hentry"],"_links":{"self":[{"href":"https:\/\/buschfunk.info\/index.php?rest_route=\/wp\/v2\/pages\/29"}],"collection":[{"href":"https:\/\/buschfunk.info\/index.php?rest_route=\/wp\/v2\/pages"}],"about":[{"href":"https:\/\/buschfunk.info\/index.php?rest_route=\/wp\/v2\/types\/page"}],"author":[{"embeddable":true,"href":"https:\/\/buschfunk.info\/index.php?rest_route=\/wp\/v2\/users\/1"}],"replies":[{"embeddable":true,"href":"https:\/\/buschfunk.info\/index.php?rest_route=%2Fwp%2Fv2%2Fcomments&post=29"}],"version-history":[{"count":17,"href":"https:\/\/buschfunk.info\/index.php?rest_route=\/wp\/v2\/pages\/29\/revisions"}],"predecessor-version":[{"id":162,"href":"https:\/\/buschfunk.info\/index.php?rest_route=\/wp\/v2\/pages\/29\/revisions\/162"}],"wp:featuredmedia":[{"embeddable":true,"href":"https:\/\/buschfunk.info\/index.php?rest_route=\/wp\/v2\/media\/107"}],"wp:attachment":[{"href":"https:\/\/buschfunk.info\/index.php?rest_route=%2Fwp%2Fv2%2Fmedia&parent=29"}],"curies":[{"name":"wp","href":"https:\/\/api.w.org\/{rel}","templated":true}]}}